{"id":985,"date":"2023-06-06T14:57:42","date_gmt":"2023-06-06T13:57:42","guid":{"rendered":"https:\/\/valdrinal.com\/producto\/valdrinal-rose-2022\/"},"modified":"2024-10-21T20:36:30","modified_gmt":"2024-10-21T19:36:30","slug":"valdrinal-rose-2022","status":"publish","type":"product","link":"https:\/\/valdrinal.com\/en\/producto\/valdrinal-rose-2022\/","title":{"rendered":"Valdrinal Ros\u00e9 2023"},"content":{"rendered":"","protected":false},"excerpt":{"rendered":"","protected":false},"featured_media":0,"template":"","meta":{"_acf_changed":false,"inline_featured_image":false},"product_cat":[15],"product_tag":[],"acf":[],"yoast_head":"<!-- This site is optimized with the Yoast SEO plugin v23.0 - https:\/\/yoast.com\/wordpress\/plugins\/seo\/ -->\n<title>\ud83e\udd47 Ros\u00e9 Wine Ribera del Duero quality and price : Valdrinal<\/title>\n<meta name=\"description\" content=\"Ros\u00e9 wines. Valdrinal Ros\u00e9 2022. Aged on lees with a very small production. 100% Tempranillo, fresh and fruity.\" \/>\n<meta name=\"robots\" content=\"index, follow, max-snippet:-1, max-image-preview:large, max-video-preview:-1\" \/>\n<link rel=\"canonical\" href=\"https:\/\/valdrinal.com\/en\/producto\/valdrinal-rose-2022\/\" \/>\n<meta property=\"og:locale\" content=\"en_US\" \/>\n<meta property=\"og:type\" content=\"article\" \/>\n<meta property=\"og:title\" content=\"\ud83e\udd47 Ros\u00e9 Wine Ribera del Duero quality and price : Valdrinal\" \/>\n<meta property=\"og:description\" content=\"Ros\u00e9 wines. Valdrinal Ros\u00e9 2022. Aged on lees with a very small production. 100% Tempranillo, fresh and fruity.\" \/>\n<meta property=\"og:url\" content=\"https:\/\/valdrinal.com\/en\/producto\/valdrinal-rose-2022\/\" \/>\n<meta property=\"og:site_name\" content=\"Valdrinal Tienda Online\" \/>\n<meta property=\"article:modified_time\" content=\"2024-10-21T19:36:30+00:00\" \/>\n<meta name=\"twitter:card\" content=\"summary_large_image\" \/>\n<script type=\"application\/ld+json\" class=\"yoast-schema-graph\">{\"@context\":\"https:\/\/schema.org\",\"@graph\":[{\"@type\":\"WebPage\",\"@id\":\"https:\/\/valdrinal.com\/en\/producto\/valdrinal-rose-2022\/\",\"url\":\"https:\/\/valdrinal.com\/en\/producto\/valdrinal-rose-2022\/\",\"name\":\"\ud83e\udd47 Ros\u00e9 Wine Ribera del Duero quality and price : Valdrinal\",\"isPartOf\":{\"@id\":\"https:\/\/valdrinal.com\/#website\"},\"datePublished\":\"2023-06-06T13:57:42+00:00\",\"dateModified\":\"2024-10-21T19:36:30+00:00\",\"description\":\"Ros\u00e9 wines. Valdrinal Ros\u00e9 2022. Aged on lees with a very small production. 100% Tempranillo, fresh and fruity.\",\"breadcrumb\":{\"@id\":\"https:\/\/valdrinal.com\/en\/producto\/valdrinal-rose-2022\/#breadcrumb\"},\"inLanguage\":\"en-US\",\"potentialAction\":[{\"@type\":\"ReadAction\",\"target\":[\"https:\/\/valdrinal.com\/en\/producto\/valdrinal-rose-2022\/\"]}]},{\"@type\":\"BreadcrumbList\",\"@id\":\"https:\/\/valdrinal.com\/en\/producto\/valdrinal-rose-2022\/#breadcrumb\",\"itemListElement\":[{\"@type\":\"ListItem\",\"position\":1,\"name\":\"Portada\",\"item\":\"https:\/\/valdrinal.com\/en\/\"},{\"@type\":\"ListItem\",\"position\":2,\"name\":\"Valdrinal Ros\u00e9 2023\"}]},{\"@type\":\"WebSite\",\"@id\":\"https:\/\/valdrinal.com\/#website\",\"url\":\"https:\/\/valdrinal.com\/\",\"name\":\"Valdrinal Tienda Online\",\"description\":\"\",\"potentialAction\":[{\"@type\":\"SearchAction\",\"target\":{\"@type\":\"EntryPoint\",\"urlTemplate\":\"https:\/\/valdrinal.com\/?s={search_term_string}\"},\"query-input\":\"required name=search_term_string\"}],\"inLanguage\":\"en-US\"}]}<\/script>\n<!-- \/ Yoast SEO plugin. -->","yoast_head_json":{"title":"\ud83e\udd47 Ros\u00e9 Wine Ribera del Duero quality and price : Valdrinal","description":"Ros\u00e9 wines. Valdrinal Ros\u00e9 2022. Aged on lees with a very small production. 100% Tempranillo, fresh and fruity.","robots":{"index":"index","follow":"follow","max-snippet":"max-snippet:-1","max-image-preview":"max-image-preview:large","max-video-preview":"max-video-preview:-1"},"canonical":"https:\/\/valdrinal.com\/en\/producto\/valdrinal-rose-2022\/","og_locale":"en_US","og_type":"article","og_title":"\ud83e\udd47 Ros\u00e9 Wine Ribera del Duero quality and price : Valdrinal","og_description":"Ros\u00e9 wines. Valdrinal Ros\u00e9 2022. Aged on lees with a very small production. 100% Tempranillo, fresh and fruity.","og_url":"https:\/\/valdrinal.com\/en\/producto\/valdrinal-rose-2022\/","og_site_name":"Valdrinal Tienda Online","article_modified_time":"2024-10-21T19:36:30+00:00","twitter_card":"summary_large_image","schema":{"@context":"https:\/\/schema.org","@graph":[{"@type":"WebPage","@id":"https:\/\/valdrinal.com\/en\/producto\/valdrinal-rose-2022\/","url":"https:\/\/valdrinal.com\/en\/producto\/valdrinal-rose-2022\/","name":"\ud83e\udd47 Ros\u00e9 Wine Ribera del Duero quality and price : Valdrinal","isPartOf":{"@id":"https:\/\/valdrinal.com\/#website"},"datePublished":"2023-06-06T13:57:42+00:00","dateModified":"2024-10-21T19:36:30+00:00","description":"Ros\u00e9 wines. Valdrinal Ros\u00e9 2022. Aged on lees with a very small production. 100% Tempranillo, fresh and fruity.","breadcrumb":{"@id":"https:\/\/valdrinal.com\/en\/producto\/valdrinal-rose-2022\/#breadcrumb"},"inLanguage":"en-US","potentialAction":[{"@type":"ReadAction","target":["https:\/\/valdrinal.com\/en\/producto\/valdrinal-rose-2022\/"]}]},{"@type":"BreadcrumbList","@id":"https:\/\/valdrinal.com\/en\/producto\/valdrinal-rose-2022\/#breadcrumb","itemListElement":[{"@type":"ListItem","position":1,"name":"Portada","item":"https:\/\/valdrinal.com\/en\/"},{"@type":"ListItem","position":2,"name":"Valdrinal Ros\u00e9 2023"}]},{"@type":"WebSite","@id":"https:\/\/valdrinal.com\/#website","url":"https:\/\/valdrinal.com\/","name":"Valdrinal Tienda Online","description":"","potentialAction":[{"@type":"SearchAction","target":{"@type":"EntryPoint","urlTemplate":"https:\/\/valdrinal.com\/?s={search_term_string}"},"query-input":"required name=search_term_string"}],"inLanguage":"en-US"}]}},"_links":{"self":[{"href":"https:\/\/valdrinal.com\/en\/wp-json\/wp\/v2\/product\/985"}],"collection":[{"href":"https:\/\/valdrinal.com\/en\/wp-json\/wp\/v2\/product"}],"about":[{"href":"https:\/\/valdrinal.com\/en\/wp-json\/wp\/v2\/types\/product"}],"wp:attachment":[{"href":"https:\/\/valdrinal.com\/en\/wp-json\/wp\/v2\/media?parent=985"}],"wp:term":[{"taxonomy":"product_cat","embeddable":true,"href":"https:\/\/valdrinal.com\/en\/wp-json\/wp\/v2\/product_cat?post=985"},{"taxonomy":"product_tag","embeddable":true,"href":"https:\/\/valdrinal.com\/en\/wp-json\/wp\/v2\/product_tag?post=985"}],"curies":[{"name":"wp","href":"https:\/\/api.w.org\/{rel}","templated":true}]}}